{"id":62,"date":"2022-06-27T13:39:45","date_gmt":"2022-06-27T12:39:45","guid":{"rendered":"http:\/\/www.h2000.be\/handicom\/?page_id=62"},"modified":"2022-09-27T09:23:46","modified_gmt":"2022-09-27T08:23:46","slug":"vitrine-envie-d-amour","status":"publish","type":"page","link":"https:\/\/www.h2000.be\/handicom\/index.php\/vitrine-envie-d-amour\/","title":{"rendered":"Vitrine enVIE d&rsquo;amour"},"content":{"rendered":"<div style=\"padding-bottom:20px; padding-top:10px;\" class=\"hupso-share-buttons\"><!-- Hupso Share Buttons - https:\/\/www.hupso.com\/share\/ --><a class=\"hupso_toolbar\" href=\"https:\/\/www.hupso.com\/share\/\"><img decoding=\"async\" src=\"https:\/\/static.hupso.com\/share\/buttons\/lang\/fr\/share-medium.png\" style=\"border:0px; padding-top: 5px; float:left;\" alt=\"Share Button\"\/><\/a><script type=\"text\/javascript\">var hupso_services_t=new Array(\"Twitter\",\"Facebook\",\"Google Plus\",\"Linkedin\");var hupso_background_t=\"#EAF4FF\";var hupso_border_t=\"#66CCFF\";var hupso_toolbar_size_t=\"medium\";var hupso_image_folder_url = \"\";var hupso_url_t=\"\";var hupso_title_t=\"Vitrine%20enVIE%20d%27amour\";<\/script><script type=\"text\/javascript\" src=\"https:\/\/static.hupso.com\/share\/js\/share_toolbar.js\"><\/script><!-- Hupso Share Buttons --><\/div>\n<h4 class=\"wp-block-heading\"><br>Que trouverez-vous sur l&rsquo;espace enVIE d&rsquo;amour ?<\/h4>\n\n\n\n<p>Des ateliers tout au long de la journ\u00e9e :<\/p>\n\n\n\n<ul class=\"wp-block-list\"><li>\u00ab\u00a0La cabane \u00e0 secrets\u00a0\u00bb o\u00f9 vous pourrez vous confier ;<\/li><li>Un espace C\u00e2linoth\u00e9rapie pour faire des petits et gros c\u00e2lins ;<\/li><li>Le projet Parlons d&rsquo;Amour qui vous aidera \u00e0 d\u00e9finir vos souhaits de rencontres et organisera deux \u00ab\u00a0Flashs rencontres\u00a0\u00bb ;<\/li><li>Un atelier esth\u00e9tique pour vous faire maquiller, coiffer, mettre du vernis \u00e0 ongles, &#8230; ;<\/li><li>Un atelier massages ;<\/li><li>Des ateliers cr\u00e9atifs et artistiques propos\u00e9s par les \u00e9tudiants en \u00e9ducation sp\u00e9cialis\u00e9e de la HELHa Gosselies ;<\/li><li>Des animations propos\u00e9es par les \u00e9tudiants en \u00e9ducation sp\u00e9cialis\u00e9e du Centre d&rsquo;Enseignement Sup\u00e9rieur pour Adultes &#8211; CESA ;<\/li><li>La roue de la fortune avec un quizz sur la vie affective et sexuelle<\/li><li>&#8230;.<\/li><\/ul>\n\n\n\n<figure class=\"wp-block-embed is-type-video is-provider-youtube wp-block-embed-youtube wp-embed-aspect-16-9 wp-has-aspect-ratio\"><div class=\"wp-block-embed__wrapper\">\n<iframe loading=\"lazy\" title=\"La vitrine \" width=\"1140\" height=\"641\" src=\"https:\/\/www.youtube.com\/embed\/HbWCs933id0?feature=oembed\" frameborder=\"0\" allow=\"accelerometer; autoplay; clipboard-write; encrypted-media; gyroscope; picture-in-picture\" allowfullscreen Envie><\/iframe>\n<\/div><\/figure>\n","protected":false},"excerpt":{"rendered":"<div style=\"padding-bottom:20px; padding-top:10px;\" class=\"hupso-share-buttons\"><!-- Hupso Share Buttons - https:\/\/www.hupso.com\/share\/ --><a class=\"hupso_toolbar\" href=\"https:\/\/www.hupso.com\/share\/\"><img src=\"https:\/\/static.hupso.com\/share\/buttons\/lang\/fr\/share-medium.png\" style=\"border:0px; padding-top: 5px; float:left;\" alt=\"Share Button\"\/><\/a><script type=\"text\/javascript\">var hupso_services_t=new Array(\"Twitter\",\"Facebook\",\"Google Plus\",\"Linkedin\");var hupso_background_t=\"#EAF4FF\";var hupso_border_t=\"#66CCFF\";var hupso_toolbar_size_t=\"medium\";var hupso_image_folder_url = \"\";var hupso_url_t=\"\";var hupso_title_t=\"Vitrine%20enVIE%20d%27amour\";<\/script><script type=\"text\/javascript\" src=\"https:\/\/static.hupso.com\/share\/js\/share_toolbar.js\"><\/script><!-- Hupso Share Buttons --><\/div><p>Que trouverez-vous sur l&rsquo;espace enVIE d&rsquo;amour ? Des ateliers tout au long de la journ\u00e9e : \u00ab\u00a0La cabane \u00e0 secrets\u00a0\u00bb o\u00f9 vous pourrez vous confier ; Un espace C\u00e2linoth\u00e9rapie pour faire des petits et gros c\u00e2lins ; Le projet Parlons d&rsquo;Amour qui vous aidera \u00e0 d\u00e9finir vos souhaits de rencontres et organisera deux \u00ab\u00a0Flashs rencontres\u00a0\u00bb &hellip; <\/p>\n<p><a class=\"more-link btn\" href=\"https:\/\/www.h2000.be\/handicom\/index.php\/vitrine-envie-d-amour\/\">Lire la suite<\/a><\/p>\n","protected":false},"author":3,"featured_media":0,"parent":0,"menu_order":0,"comment_status":"closed","ping_status":"closed","template":"","meta":{"footnotes":""},"class_list":["post-62","page","type-page","status-publish","hentry","nodate","item-wrap"],"_links":{"self":[{"href":"https:\/\/www.h2000.be\/handicom\/index.php\/wp-json\/wp\/v2\/pages\/62","targetHints":{"allow":["GET"]}}],"collection":[{"href":"https:\/\/www.h2000.be\/handicom\/index.php\/wp-json\/wp\/v2\/pages"}],"about":[{"href":"https:\/\/www.h2000.be\/handicom\/index.php\/wp-json\/wp\/v2\/types\/page"}],"author":[{"embeddable":true,"href":"https:\/\/www.h2000.be\/handicom\/index.php\/wp-json\/wp\/v2\/users\/3"}],"replies":[{"embeddable":true,"href":"https:\/\/www.h2000.be\/handicom\/index.php\/wp-json\/wp\/v2\/comments?post=62"}],"version-history":[{"count":19,"href":"https:\/\/www.h2000.be\/handicom\/index.php\/wp-json\/wp\/v2\/pages\/62\/revisions"}],"predecessor-version":[{"id":2876,"href":"https:\/\/www.h2000.be\/handicom\/index.php\/wp-json\/wp\/v2\/pages\/62\/revisions\/2876"}],"wp:attachment":[{"href":"https:\/\/www.h2000.be\/handicom\/index.php\/wp-json\/wp\/v2\/media?parent=62"}],"curies":[{"name":"wp","href":"https:\/\/api.w.org\/{rel}","templated":true}]}}