{"id":46,"date":"2022-06-27T11:39:22","date_gmt":"2022-06-27T10:39:22","guid":{"rendered":"http:\/\/www.h2000.be\/handicom\/?page_id=46"},"modified":"2022-09-27T09:24:34","modified_gmt":"2022-09-27T08:24:34","slug":"conferences-animations-mardi","status":"publish","type":"page","link":"https:\/\/www.h2000.be\/handicom\/index.php\/conferences-animations-mardi\/","title":{"rendered":"Mardi 04\/10\/22"},"content":{"rendered":"<div style=\"padding-bottom:20px; padding-top:10px;\" class=\"hupso-share-buttons\"><!-- Hupso Share Buttons - https:\/\/www.hupso.com\/share\/ --><a class=\"hupso_toolbar\" href=\"https:\/\/www.hupso.com\/share\/\"><img decoding=\"async\" src=\"https:\/\/static.hupso.com\/share\/buttons\/lang\/fr\/share-medium.png\" style=\"border:0px; padding-top: 5px; float:left;\" alt=\"Share Button\"\/><\/a><script type=\"text\/javascript\">var hupso_services_t=new Array(\"Twitter\",\"Facebook\",\"Google Plus\",\"Linkedin\");var hupso_background_t=\"#EAF4FF\";var hupso_border_t=\"#66CCFF\";var hupso_toolbar_size_t=\"medium\";var hupso_image_folder_url = \"\";var hupso_url_t=\"\";var hupso_title_t=\"Mardi%2004%2F10%2F22\";<\/script><script type=\"text\/javascript\" src=\"https:\/\/static.hupso.com\/share\/js\/share_toolbar.js\"><\/script><!-- Hupso Share Buttons --><\/div><h4>Dans cette section, vous trouverez les programmes et infos pratiques des diff\u00e9rents \u00e9v\u00e9nements que nous vous proposerons le mardi 04 octobre 2022. Attention, l&rsquo;inscription est obligatoire pour les conf\u00e9rences mais \u00e9galement pour certaines animations\/ateliers\/parcours et ce afin de vous y accueillir dans les meilleures conditions.<\/h4>\n","protected":false},"excerpt":{"rendered":"<div style=\"padding-bottom:20px; padding-top:10px;\" class=\"hupso-share-buttons\"><!-- Hupso Share Buttons - https:\/\/www.hupso.com\/share\/ --><a class=\"hupso_toolbar\" href=\"https:\/\/www.hupso.com\/share\/\"><img src=\"https:\/\/static.hupso.com\/share\/buttons\/lang\/fr\/share-medium.png\" style=\"border:0px; padding-top: 5px; float:left;\" alt=\"Share Button\"\/><\/a><script type=\"text\/javascript\">var hupso_services_t=new Array(\"Twitter\",\"Facebook\",\"Google Plus\",\"Linkedin\");var hupso_background_t=\"#EAF4FF\";var hupso_border_t=\"#66CCFF\";var hupso_toolbar_size_t=\"medium\";var hupso_image_folder_url = \"\";var hupso_url_t=\"\";var hupso_title_t=\"Mardi%2004%2F10%2F22\";<\/script><script type=\"text\/javascript\" src=\"https:\/\/static.hupso.com\/share\/js\/share_toolbar.js\"><\/script><!-- Hupso Share Buttons --><\/div><p>Dans cette section, vous trouverez les programmes et infos pratiques des diff\u00e9rents \u00e9v\u00e9nements que nous vous proposerons le mardi 04 octobre 2022. Attention, l&rsquo;inscription est obligatoire pour les conf\u00e9rences mais \u00e9galement pour certaines animations\/ateliers\/parcours et ce afin de vous y accueillir dans les meilleures conditions.<\/p>\n","protected":false},"author":3,"featured_media":0,"parent":0,"menu_order":0,"comment_status":"closed","ping_status":"closed","template":"","meta":{"footnotes":""},"class_list":["post-46","page","type-page","status-publish","hentry","nodate","item-wrap"],"_links":{"self":[{"href":"https:\/\/www.h2000.be\/handicom\/index.php\/wp-json\/wp\/v2\/pages\/46","targetHints":{"allow":["GET"]}}],"collection":[{"href":"https:\/\/www.h2000.be\/handicom\/index.php\/wp-json\/wp\/v2\/pages"}],"about":[{"href":"https:\/\/www.h2000.be\/handicom\/index.php\/wp-json\/wp\/v2\/types\/page"}],"author":[{"embeddable":true,"href":"https:\/\/www.h2000.be\/handicom\/index.php\/wp-json\/wp\/v2\/users\/3"}],"replies":[{"embeddable":true,"href":"https:\/\/www.h2000.be\/handicom\/index.php\/wp-json\/wp\/v2\/comments?post=46"}],"version-history":[{"count":12,"href":"https:\/\/www.h2000.be\/handicom\/index.php\/wp-json\/wp\/v2\/pages\/46\/revisions"}],"predecessor-version":[{"id":2599,"href":"https:\/\/www.h2000.be\/handicom\/index.php\/wp-json\/wp\/v2\/pages\/46\/revisions\/2599"}],"wp:attachment":[{"href":"https:\/\/www.h2000.be\/handicom\/index.php\/wp-json\/wp\/v2\/media?parent=46"}],"curies":[{"name":"wp","href":"https:\/\/api.w.org\/{rel}","templated":true}]}}