{"id":19,"date":"2022-06-27T11:00:00","date_gmt":"2022-06-27T10:00:00","guid":{"rendered":"http:\/\/www.h2000.be\/handicom\/?page_id=19"},"modified":"2022-07-18T08:28:00","modified_gmt":"2022-07-18T07:28:00","slug":"qui-sommes-nous","status":"publish","type":"page","link":"https:\/\/www.h2000.be\/handicom\/index.php\/qui-sommes-nous\/","title":{"rendered":"Qui sommes-nous ?"},"content":{"rendered":"<div style=\"padding-bottom:20px; padding-top:10px;\" class=\"hupso-share-buttons\"><!-- Hupso Share Buttons - https:\/\/www.hupso.com\/share\/ --><a class=\"hupso_toolbar\" href=\"https:\/\/www.hupso.com\/share\/\"><img decoding=\"async\" src=\"https:\/\/static.hupso.com\/share\/buttons\/lang\/fr\/share-medium.png\" style=\"border:0px; padding-top: 5px; float:left;\" alt=\"Share Button\"\/><\/a><script type=\"text\/javascript\">var hupso_services_t=new Array(\"Twitter\",\"Facebook\",\"Google Plus\",\"Linkedin\");var hupso_background_t=\"#EAF4FF\";var hupso_border_t=\"#66CCFF\";var hupso_toolbar_size_t=\"medium\";var hupso_image_folder_url = \"\";var hupso_url_t=\"\";var hupso_title_t=\"Qui%20sommes-nous%20%3F\";<\/script><script type=\"text\/javascript\" src=\"https:\/\/static.hupso.com\/share\/js\/share_toolbar.js\"><\/script><!-- Hupso Share Buttons --><\/div>\n<div class=\"wp-block-image is-style-default\"><figure class=\"aligncenter\"><img loading=\"lazy\" decoding=\"async\" width=\"300\" height=\"212\" src=\"http:\/\/www.h2000.be\/handicom\/wp-content\/uploads\/2016\/04\/Horizon-2000-logo-d\u00e9tour\u00e9-300x212.png\" alt=\"Horizon 2000 logo d\u00e9tour\u00e9\" class=\"wp-image-20\" srcset=\"https:\/\/www.h2000.be\/handicom\/wp-content\/uploads\/2016\/04\/Horizon-2000-logo-d\u00e9tour\u00e9-300x212.png 300w, https:\/\/www.h2000.be\/handicom\/wp-content\/uploads\/2016\/04\/Horizon-2000-logo-d\u00e9tour\u00e9-768x542.png 768w, https:\/\/www.h2000.be\/handicom\/wp-content\/uploads\/2016\/04\/Horizon-2000-logo-d\u00e9tour\u00e9-1024x723.png 1024w\" sizes=\"auto, (max-width: 300px) 100vw, 300px\" \/><\/figure><\/div>\n\n\n\n<div class=\"wp-block-image is-style-default\"><figure class=\"aligncenter size-medium\"><img loading=\"lazy\" decoding=\"async\" width=\"300\" height=\"300\" src=\"https:\/\/www.h2000.be\/handicom\/wp-content\/uploads\/2022\/07\/Handicom-nouv.2016-2-300x300.png\" alt=\"\" class=\"wp-image-2526\" srcset=\"https:\/\/www.h2000.be\/handicom\/wp-content\/uploads\/2022\/07\/Handicom-nouv.2016-2-300x300.png 300w, https:\/\/www.h2000.be\/handicom\/wp-content\/uploads\/2022\/07\/Handicom-nouv.2016-2-1024x1024.png 1024w, https:\/\/www.h2000.be\/handicom\/wp-content\/uploads\/2022\/07\/Handicom-nouv.2016-2-150x150.png 150w, https:\/\/www.h2000.be\/handicom\/wp-content\/uploads\/2022\/07\/Handicom-nouv.2016-2-768x768.png 768w, https:\/\/www.h2000.be\/handicom\/wp-content\/uploads\/2022\/07\/Handicom-nouv.2016-2-1536x1536.png 1536w, https:\/\/www.h2000.be\/handicom\/wp-content\/uploads\/2022\/07\/Handicom-nouv.2016-2-2048x2048.png 2048w, https:\/\/www.h2000.be\/handicom\/wp-content\/uploads\/2022\/07\/Handicom-nouv.2016-2-1140x1140.png 1140w\" sizes=\"auto, (max-width: 300px) 100vw, 300px\" \/><\/figure><\/div>\n\n\n\n<p>Horizon 2000 est une association d\u2019information, de communication et de d\u00e9mystification de la personne handicap\u00e9e fond\u00e9e en 1989.<\/p>\n\n\n\n<p>L\u2019objectif principal de notre association est de changer l\u2019image de la personne handicap\u00e9e afin de favoriser l\u2019inclusion de celle-ci dans une vie sociale, culturelle et\/ou professionnelle.<\/p>\n\n\n\n<p>Pour y parvenir, Horizon 2000 organise diff\u00e9rents \u00e9v\u00e9nements tels que des colloques, des conf\u00e9rences, des ateliers de sensibilisation, des journ\u00e9es de rencontres, etc.<\/p>\n\n\n\n<p>Vous trouverez plus d&rsquo;informations sur notre association sur <a href=\"http:\/\/www.h2000.be\" target=\"_blank\" rel=\"noreferrer noopener\">www.h2000.be<\/a><\/p>\n\n\n\n<h4 class=\"wp-block-heading\">&nbsp;<\/h4>\n","protected":false},"excerpt":{"rendered":"<div style=\"padding-bottom:20px; padding-top:10px;\" class=\"hupso-share-buttons\"><!-- Hupso Share Buttons - https:\/\/www.hupso.com\/share\/ --><a class=\"hupso_toolbar\" href=\"https:\/\/www.hupso.com\/share\/\"><img src=\"https:\/\/static.hupso.com\/share\/buttons\/lang\/fr\/share-medium.png\" style=\"border:0px; padding-top: 5px; float:left;\" alt=\"Share Button\"\/><\/a><script type=\"text\/javascript\">var hupso_services_t=new Array(\"Twitter\",\"Facebook\",\"Google Plus\",\"Linkedin\");var hupso_background_t=\"#EAF4FF\";var hupso_border_t=\"#66CCFF\";var hupso_toolbar_size_t=\"medium\";var hupso_image_folder_url = \"\";var hupso_url_t=\"\";var hupso_title_t=\"Qui%20sommes-nous%20%3F\";<\/script><script type=\"text\/javascript\" src=\"https:\/\/static.hupso.com\/share\/js\/share_toolbar.js\"><\/script><!-- Hupso Share Buttons --><\/div><p>Horizon 2000 est une association d\u2019information, de communication et de d\u00e9mystification de la personne handicap\u00e9e fond\u00e9e en 1989. L\u2019objectif principal de notre association est de changer l\u2019image de la personne handicap\u00e9e afin de favoriser l\u2019inclusion de celle-ci dans une vie sociale, culturelle et\/ou professionnelle. Pour y parvenir, Horizon 2000 organise diff\u00e9rents \u00e9v\u00e9nements tels que des &hellip; <\/p>\n<p><a class=\"more-link btn\" href=\"https:\/\/www.h2000.be\/handicom\/index.php\/qui-sommes-nous\/\">Lire la suite<\/a><\/p>\n","protected":false},"author":3,"featured_media":0,"parent":0,"menu_order":0,"comment_status":"closed","ping_status":"closed","template":"","meta":{"footnotes":""},"class_list":["post-19","page","type-page","status-publish","hentry","nodate","item-wrap"],"_links":{"self":[{"href":"https:\/\/www.h2000.be\/handicom\/index.php\/wp-json\/wp\/v2\/pages\/19","targetHints":{"allow":["GET"]}}],"collection":[{"href":"https:\/\/www.h2000.be\/handicom\/index.php\/wp-json\/wp\/v2\/pages"}],"about":[{"href":"https:\/\/www.h2000.be\/handicom\/index.php\/wp-json\/wp\/v2\/types\/page"}],"author":[{"embeddable":true,"href":"https:\/\/www.h2000.be\/handicom\/index.php\/wp-json\/wp\/v2\/users\/3"}],"replies":[{"embeddable":true,"href":"https:\/\/www.h2000.be\/handicom\/index.php\/wp-json\/wp\/v2\/comments?post=19"}],"version-history":[{"count":8,"href":"https:\/\/www.h2000.be\/handicom\/index.php\/wp-json\/wp\/v2\/pages\/19\/revisions"}],"predecessor-version":[{"id":2528,"href":"https:\/\/www.h2000.be\/handicom\/index.php\/wp-json\/wp\/v2\/pages\/19\/revisions\/2528"}],"wp:attachment":[{"href":"https:\/\/www.h2000.be\/handicom\/index.php\/wp-json\/wp\/v2\/media?parent=19"}],"curies":[{"name":"wp","href":"https:\/\/api.w.org\/{rel}","templated":true}]}}